{"id":370,"date":"2023-09-21T04:45:11","date_gmt":"2023-09-21T04:45:11","guid":{"rendered":"https:\/\/castingstudiocr.com\/?page_id=370"},"modified":"2023-10-01T05:55:16","modified_gmt":"2023-10-01T05:55:16","slug":"contacto","status":"publish","type":"page","link":"https:\/\/castingstudiocr.com\/index.php\/contacto\/","title":{"rendered":"Contacto"},"content":{"rendered":"\t\t<div data-elementor-type=\"wp-page\" data-elementor-id=\"370\" class=\"elementor elementor-370\">\n\t\t\t\t\t\t<section class=\"elementor-section elementor-top-section elementor-element elementor-element-6d9e857 elementor-section-full_width elementor-section-height-default elementor-section-height-default wpr-particle-no wpr-jarallax-no wpr-parallax-no wpr-sticky-section-no\" data-id=\"6d9e857\" data-element_type=\"section\">\n\t\t\t\t\t\t<div class=\"elementor-container elementor-column-gap-no\">\n\t\t\t\t\t<div class=\"elementor-column elementor-col-100 elementor-top-column elementor-element elementor-element-2ccba38\" data-id=\"2ccba38\" data-element_type=\"column\">\n\t\t\t<div class=\"elementor-widget-wrap elementor-element-populated\">\n\t\t\t\t\t\t<div class=\"elementor-element elementor-element-6d2f2a5 wpr-adv-slider-columns-1 wpr-adv-slider-columns--tablet1 wpr-adv-slider-columns--mobile1 wpr-adv-slides-to-scroll-1 wpr-slider-dots-horizontal elementor-widget elementor-widget-wpr-advanced-slider\" data-id=\"6d2f2a5\" data-element_type=\"widget\" data-settings=\"{&quot;slider_amount&quot;:&quot;1&quot;,&quot;slider_amount_tablet&quot;:1,&quot;slider_amount_mobile&quot;:1,&quot;slides_to_scroll&quot;:1,&quot;slider_loop&quot;:&quot;yes&quot;,&quot;slider_hide_video_content&quot;:&quot;yes&quot;,&quot;slider_video_btn_size&quot;:&quot;medium&quot;}\" data-widget_type=\"wpr-advanced-slider.default\">\n\t\t\t\t<div class=\"elementor-widget-container\">\n\t\t\t\t\t\n\t\t<!-- Advanced Slider -->\n\t\t<div class=\"wpr-advanced-slider-wrap\">\n\t\t\t\n\t\t\t<div class=\"wpr-advanced-slider\" dir=\"ltr\" data-slick=\"{&quot;rtl&quot;:false,&quot;infinite&quot;:true,&quot;speed&quot;:700,&quot;arrows&quot;:true,&quot;dots&quot;:true,&quot;autoplay&quot;:false,&quot;autoplaySpeed&quot;:1000,&quot;pauseOnHover&quot;:&quot;&quot;,&quot;prevArrow&quot;:&quot;#wpr-slider-prev-6d2f2a5&quot;,&quot;nextArrow&quot;:&quot;#wpr-slider-next-6d2f2a5&quot;,&quot;vertical&quot;:false,&quot;adaptiveHeight&quot;:true}\" data-hide-video-content=\"yes\" data-video-btn-size=\"{&quot;widescreen&quot;:&quot;medium&quot;,&quot;desktop&quot;:&quot;medium&quot;,&quot;laptop&quot;:&quot;medium&quot;,&quot;tablet_extra&quot;:&quot;medium&quot;,&quot;tablet&quot;:&quot;medium&quot;,&quot;mobile_extra&quot;:&quot;medium&quot;,&quot;mobile&quot;:&quot;medium&quot;}\" data-slide-effect=\"slide\">\n\t\t\t\t<div class=\"wpr-slider-item elementor-repeater-item-af2bb90\"><div class=\"wpr-slider-item-bg \" style=\"background-image: url(https:\/\/castingstudiocr.com\/wp-content\/uploads\/2023\/09\/Contectenos.jpg)\"><\/div><div class=\"wpr-cv-container\"><div class=\"wpr-cv-outer\"><div class=\"wpr-cv-inner\"><div class=\"wpr-slider-content\"><div class=\"wpr-slider-sub-title\"><h2>Cont\u00e1ctenos<\/h2><\/div><div class=\"wpr-slider-btns\"><\/div><\/div><\/div><\/div><\/div><\/div>\t\t\t<\/div>\n\t\t\t<div class=\"wpr-slider-controls\">\n\t\t\t\t<div class=\"wpr-slider-dots\"><\/div>\n\t\t\t<\/div>\n\n\t\t\t<div class=\"wpr-slider-arrow-container\">\n\t\t\t\t<div class=\"wpr-slider-prev-arrow wpr-slider-arrow\" id=\"wpr-slider-prev-6d2f2a5\">\n\t\t\t\t\t\t\t\t\t<\/div>\n\t\t\t\t<div class=\"wpr-slider-next-arrow wpr-slider-arrow\" id=\"wpr-slider-next-6d2f2a5\">\n\t\t\t\t\t\t\t\t\t<\/div>\n\t\t\t<\/div>\n\t\t\t\n\t\t\t\n\t\t<\/div>\n\t\t\t\t\t\t<\/div>\n\t\t\t\t<\/div>\n\t\t\t\t\t<\/div>\n\t\t<\/div>\n\t\t\t\t\t<\/div>\n\t\t<\/section>\n\t\t\t\t<section class=\"elementor-section elementor-top-section elementor-element elementor-element-08f50ef elementor-section-boxed elementor-section-height-default elementor-section-height-default wpr-particle-no wpr-jarallax-no wpr-parallax-no wpr-sticky-section-no\" data-id=\"08f50ef\" data-element_type=\"section\" data-settings=\"{&quot;background_background&quot;:&quot;classic&quot;}\">\n\t\t\t\t\t\t<div class=\"elementor-container elementor-column-gap-default\">\n\t\t\t\t\t<div class=\"elementor-column elementor-col-100 elementor-top-column elementor-element elementor-element-891556e\" data-id=\"891556e\" data-element_type=\"column\">\n\t\t\t<div class=\"elementor-widget-wrap elementor-element-populated\">\n\t\t\t\t\t\t<section class=\"elementor-section elementor-inner-section elementor-element elementor-element-4496d2b elementor-section-boxed elementor-section-height-default elementor-section-height-default wpr-particle-no wpr-jarallax-no wpr-parallax-no wpr-sticky-section-no\" data-id=\"4496d2b\" data-element_type=\"section\">\n\t\t\t\t\t\t<div class=\"elementor-container elementor-column-gap-default\">\n\t\t\t\t\t<div class=\"elementor-column elementor-col-50 elementor-inner-column elementor-element elementor-element-0b476d2\" data-id=\"0b476d2\" data-element_type=\"column\">\n\t\t\t<div class=\"elementor-widget-wrap elementor-element-populated\">\n\t\t\t\t\t\t<div class=\"elementor-element elementor-element-ced1eb9 elementor-widget elementor-widget-text-editor\" data-id=\"ced1eb9\" data-element_type=\"widget\" data-widget_type=\"text-editor.default\">\n\t\t\t\t<div class=\"elementor-widget-container\">\n\t\t\t\t\t\t\t\t\t<p>\u00a1Hablemos!<\/p>\t\t\t\t\t\t\t\t<\/div>\n\t\t\t\t<\/div>\n\t\t\t\t<div class=\"elementor-element elementor-element-cfea7af elementor-widget elementor-widget-heading\" data-id=\"cfea7af\" data-element_type=\"widget\" data-widget_type=\"heading.default\">\n\t\t\t\t<div class=\"elementor-widget-container\">\n\t\t\t\t\t<h2 class=\"elementor-heading-title elementor-size-default\">Escr\u00edbenos<\/h2>\t\t\t\t<\/div>\n\t\t\t\t<\/div>\n\t\t\t\t<div class=\"elementor-element elementor-element-376ecc9 elementor-widget elementor-widget-text-editor\" data-id=\"376ecc9\" data-element_type=\"widget\" data-widget_type=\"text-editor.default\">\n\t\t\t\t<div class=\"elementor-widget-container\">\n\t\t\t\t\t\t\t\t\t<p>Muchas gracias por la confianza puesta en nuestra empresa, trabajamos arduamente para seguir creciendo.<\/p>\t\t\t\t\t\t\t\t<\/div>\n\t\t\t\t<\/div>\n\t\t\t\t<div class=\"elementor-element elementor-element-5af0d9a elementor-widget elementor-widget-text-editor\" data-id=\"5af0d9a\" data-element_type=\"widget\" data-widget_type=\"text-editor.default\">\n\t\t\t\t<div class=\"elementor-widget-container\">\n\t\t\t\t\t\t\t\t\t<p>Tel\u00e9fonos<\/p>\t\t\t\t\t\t\t\t<\/div>\n\t\t\t\t<\/div>\n\t\t\t\t<div class=\"elementor-element elementor-element-d14954a elementor-widget elementor-widget-text-editor\" data-id=\"d14954a\" data-element_type=\"widget\" data-widget_type=\"text-editor.default\">\n\t\t\t\t<div class=\"elementor-widget-container\">\n\t\t\t\t\t\t\t\t\t<p>+506 8511 2123<\/p><p>+506 4080 2772<\/p>\t\t\t\t\t\t\t\t<\/div>\n\t\t\t\t<\/div>\n\t\t\t\t<div class=\"elementor-element elementor-element-4cba3e4 elementor-widget elementor-widget-text-editor\" data-id=\"4cba3e4\" data-element_type=\"widget\" data-widget_type=\"text-editor.default\">\n\t\t\t\t<div class=\"elementor-widget-container\">\n\t\t\t\t\t\t\t\t\t<p>Correo Electr\u00f3nico<\/p>\t\t\t\t\t\t\t\t<\/div>\n\t\t\t\t<\/div>\n\t\t\t\t<div class=\"elementor-element elementor-element-cac4ea7 elementor-widget elementor-widget-text-editor\" data-id=\"cac4ea7\" data-element_type=\"widget\" data-widget_type=\"text-editor.default\">\n\t\t\t\t<div class=\"elementor-widget-container\">\n\t\t\t\t\t\t\t\t\t<p>info@castingstudiocr.com<\/p>\t\t\t\t\t\t\t\t<\/div>\n\t\t\t\t<\/div>\n\t\t\t\t<div class=\"elementor-element elementor-element-8dcd91d elementor-widget elementor-widget-text-editor\" data-id=\"8dcd91d\" data-element_type=\"widget\" data-widget_type=\"text-editor.default\">\n\t\t\t\t<div class=\"elementor-widget-container\">\n\t\t\t\t\t\t\t\t\t<p>Ubicaci\u00f3n<\/p>\t\t\t\t\t\t\t\t<\/div>\n\t\t\t\t<\/div>\n\t\t\t\t<div class=\"elementor-element elementor-element-1cfc892 elementor-widget elementor-widget-text-editor\" data-id=\"1cfc892\" data-element_type=\"widget\" data-widget_type=\"text-editor.default\">\n\t\t\t\t<div class=\"elementor-widget-container\">\n\t\t\t\t\t\t\t\t\t<p>Moravia, San Jos\u00e9, Costa Rica<\/p>\t\t\t\t\t\t\t\t<\/div>\n\t\t\t\t<\/div>\n\t\t\t\t<div class=\"elementor-element elementor-element-0fc1717 elementor-widget elementor-widget-elementskit-social-media\" data-id=\"0fc1717\" data-element_type=\"widget\" data-widget_type=\"elementskit-social-media.default\">\n\t\t\t\t<div class=\"elementor-widget-container\">\n\t\t\t\t\t<div class=\"ekit-wid-con\" >\t\t\t <ul class=\"ekit_social_media\">\n\t\t\t\t\t\t\t\t\t\t\t\t\t\t<li class=\"elementor-repeater-item-da8f4de\">\n\t\t\t\t\t    <a\n\t\t\t\t\t\thref=\"https:\/\/www.facebook.com\/CastingStudiocr\" aria-label=\"Facebook\" class=\"f\" >\n\t\t\t\t\t\t\t\n\t\t\t\t\t\t\t<i aria-hidden=\"true\" class=\"fab fa-facebook-f\"><\/i>\n                                                                                                            <\/a>\n                    <\/li>\n                    \t\t\t\t\t\t\t\t\t\t\t\t\t\t<li class=\"elementor-repeater-item-c8596be\">\n\t\t\t\t\t    <a\n\t\t\t\t\t\thref=\"https:\/\/www.instagram.com\/castingstudioo\" aria-label=\"Instagram\" class=\"instagram\" >\n\t\t\t\t\t\t\t\n\t\t\t\t\t\t\t<i aria-hidden=\"true\" class=\"fab fa-instagram\"><\/i>\n                                                                                                            <\/a>\n                    <\/li>\n                    \t\t\t\t\t\t\t\t\t\t\t\t\t\t<li class=\"elementor-repeater-item-1399011\">\n\t\t\t\t\t    <a\n\t\t\t\t\t\thref=\"https:\/\/www.youtube.com\/@castingstudio2534\" aria-label=\"Youtube\" class=\"youtube\" >\n\t\t\t\t\t\t\t\n\t\t\t\t\t\t\t<i aria-hidden=\"true\" class=\"fab fa-youtube\"><\/i>\n                                                                                                            <\/a>\n                    <\/li>\n                    \t\t\t\t\t\t\t\t\t\t\t\t\t\t<li class=\"elementor-repeater-item-8f886e8\">\n\t\t\t\t\t    <a\n\t\t\t\t\t\thref=\"mailto:%20info@castingstudiocr.com\" aria-label=\"Correo\" class=\"envelope\" >\n\t\t\t\t\t\t\t\n\t\t\t\t\t\t\t<i aria-hidden=\"true\" class=\"fas fa-envelope\"><\/i>\n                                                                                                            <\/a>\n                    <\/li>\n                    \t\t\t\t\t\t\t<\/ul>\n\t\t<\/div>\t\t\t\t<\/div>\n\t\t\t\t<\/div>\n\t\t\t\t\t<\/div>\n\t\t<\/div>\n\t\t\t\t<div class=\"elementor-column elementor-col-50 elementor-inner-column elementor-element elementor-element-36db3e8\" data-id=\"36db3e8\" data-element_type=\"column\">\n\t\t\t<div class=\"elementor-widget-wrap elementor-element-populated\">\n\t\t\t\t\t\t<div class=\"elementor-element elementor-element-d31c067 elementor-widget elementor-widget-wpforms\" data-id=\"d31c067\" data-element_type=\"widget\" data-widget_type=\"wpforms.default\">\n\t\t\t\t<div class=\"elementor-widget-container\">\n\t\t\t\t\t<style id=\"wpforms-css-vars-elementor-widget-d31c067\">\n\t\t\t\t.elementor-widget-wpforms.elementor-element-d31c067 {\n\t\t\t\t--wpforms-field-text-color: #000000;\n--wpforms-label-color: #FFFFFF;\n--wpforms-label-sublabel-color: #606060;\n--wpforms-label-error-color: #9E1F22;\n--wpforms-button-border-radius: 10px;\n--wpforms-button-background-color: #1C929B;\n--wpforms-button-text-color: #FFFFFF;\n--wpforms-label-size-font-size: 18px;\n--wpforms-label-size-line-height: 21px;\n--wpforms-label-size-sublabel-font-size: 16px;\n--wpforms-label-size-sublabel-line-height: 19px;\n--wpforms-button-size-font-size: 14px;\n--wpforms-button-size-height: 37px;\n--wpforms-button-size-padding-h: 15px;\n--wpforms-button-size-margin-top: 5px;\n\t\t\t}\n\t\t\t<\/style><div class=\"wpforms-container wpforms-container-full wpforms-render-modern\" id=\"wpforms-625\"><form id=\"wpforms-form-625\" class=\"wpforms-validate wpforms-form wpforms-ajax-form\" data-formid=\"625\" method=\"post\" enctype=\"multipart\/form-data\" action=\"\/index.php\/wp-json\/wp\/v2\/pages\/370\" data-token=\"59f059fcdc3fb86e2f06bd09b4e4394e\" data-token-time=\"1777374276\"><noscript class=\"wpforms-error-noscript\">Please enable JavaScript in your browser to complete this form.<\/noscript><div id=\"wpforms-error-noscript\" style=\"display: none;\">Please enable JavaScript in your browser to complete this form.<\/div><div class=\"wpforms-field-container\"><div id=\"wpforms-625-field_0-container\" class=\"wpforms-field wpforms-field-name\" data-field-id=\"0\"><fieldset><legend class=\"wpforms-field-label\">Nombre <span class=\"wpforms-required-label\" aria-hidden=\"true\">*<\/span><\/legend><div class=\"wpforms-field-row wpforms-field-medium\"><div class=\"wpforms-field-row-block wpforms-first wpforms-one-half\"><input type=\"text\" id=\"wpforms-625-field_0\" class=\"wpforms-field-name-first wpforms-field-required\" name=\"wpforms[fields][0][first]\" aria-errormessage=\"wpforms-625-field_0-error\" required><label for=\"wpforms-625-field_0\" class=\"wpforms-field-sublabel after\">First<\/label><\/div><div class=\"wpforms-field-row-block wpforms-one-half\"><input type=\"text\" id=\"wpforms-625-field_0-last\" class=\"wpforms-field-name-last wpforms-field-required\" name=\"wpforms[fields][0][last]\" aria-errormessage=\"wpforms-625-field_0-last-error\" required><label for=\"wpforms-625-field_0-last\" class=\"wpforms-field-sublabel after\">Last<\/label><\/div><\/div><\/fieldset><\/div><div id=\"wpforms-625-field_1-container\" class=\"wpforms-field wpforms-field-email\" data-field-id=\"1\"><label class=\"wpforms-field-label\" for=\"wpforms-625-field_1\">Correo electr\u00f3nico <span class=\"wpforms-required-label\" aria-hidden=\"true\">*<\/span><\/label><input type=\"email\" id=\"wpforms-625-field_1\" class=\"wpforms-field-medium wpforms-field-required\" name=\"wpforms[fields][1]\" spellcheck=\"false\" aria-errormessage=\"wpforms-625-field_1-error\" required><\/div><div id=\"wpforms-625-field_2-container\" class=\"wpforms-field wpforms-field-textarea\" data-field-id=\"2\"><label class=\"wpforms-field-label\" for=\"wpforms-625-field_2\">Comentario o mensaje<\/label><textarea id=\"wpforms-625-field_2\" class=\"wpforms-field-medium\" name=\"wpforms[fields][2]\" aria-errormessage=\"wpforms-625-field_2-error\" ><\/textarea><\/div><\/div><!-- .wpforms-field-container --><div class=\"wpforms-submit-container\" ><input type=\"hidden\" name=\"wpforms[id]\" value=\"625\"><input type=\"hidden\" name=\"page_title\" value=\"\"><input type=\"hidden\" name=\"page_url\" value=\"https:\/\/castingstudiocr.com\/index.php\/wp-json\/wp\/v2\/pages\/370\"><input type=\"hidden\" name=\"url_referer\" value=\"\"><button type=\"submit\" name=\"wpforms[submit]\" id=\"wpforms-submit-625\" class=\"wpforms-submit\" data-alt-text=\"Enviando...\" data-submit-text=\"Enviar\" aria-live=\"assertive\" value=\"wpforms-submit\">Enviar<\/button><img decoding=\"async\" src=\"https:\/\/castingstudiocr.com\/wp-content\/plugins\/wpforms-lite\/assets\/images\/submit-spin.svg\" class=\"wpforms-submit-spinner\" style=\"display: none;\" width=\"26\" height=\"26\" alt=\"Loading\"><\/div><\/form><\/div>  <!-- .wpforms-container -->\t\t\t\t<\/div>\n\t\t\t\t<\/div>\n\t\t\t\t\t<\/div>\n\t\t<\/div>\n\t\t\t\t\t<\/div>\n\t\t<\/section>\n\t\t\t\t\t<\/div>\n\t\t<\/div>\n\t\t\t\t\t<\/div>\n\t\t<\/section>\n\t\t\t\t<section class=\"elementor-section elementor-top-section elementor-element elementor-element-e870160 elementor-section-full_width elementor-section-height-default elementor-section-height-default wpr-particle-no wpr-jarallax-no wpr-parallax-no wpr-sticky-section-no\" data-id=\"e870160\" data-element_type=\"section\">\n\t\t\t\t\t\t<div class=\"elementor-container elementor-column-gap-no\">\n\t\t\t\t\t<div class=\"elementor-column elementor-col-100 elementor-top-column elementor-element elementor-element-1bd6e0d\" data-id=\"1bd6e0d\" data-element_type=\"column\">\n\t\t\t<div class=\"elementor-widget-wrap elementor-element-populated\">\n\t\t\t\t\t\t<div class=\"elementor-element elementor-element-4fb7ecc elementor-widget elementor-widget-google_maps\" data-id=\"4fb7ecc\" data-element_type=\"widget\" data-widget_type=\"google_maps.default\">\n\t\t\t\t<div class=\"elementor-widget-container\">\n\t\t\t\t\t\t\t<div class=\"elementor-custom-embed\">\n\t\t\t<iframe loading=\"lazy\"\n\t\t\t\t\tsrc=\"https:\/\/maps.google.com\/maps?q=moravia%2C%20san%20jos%C3%A9&#038;t=m&#038;z=10&#038;output=embed&#038;iwloc=near\"\n\t\t\t\t\ttitle=\"moravia, san jos\u00e9\"\n\t\t\t\t\taria-label=\"moravia, san jos\u00e9\"\n\t\t\t><\/iframe>\n\t\t<\/div>\n\t\t\t\t\t\t<\/div>\n\t\t\t\t<\/div>\n\t\t\t\t\t<\/div>\n\t\t<\/div>\n\t\t\t\t\t<\/div>\n\t\t<\/section>\n\t\t\t\t<\/div>\n\t\t","protected":false},"excerpt":{"rendered":"<p>Cont\u00e1ctenos \u00a1Hablemos! Escr\u00edbenos Muchas gracias por la confianza puesta en nuestra empresa, trabajamos arduamente para seguir creciendo. Tel\u00e9fonos +506 8511 2123 +506 4080 2772 Correo Electr\u00f3nico info@castingstudiocr.com Ubicaci\u00f3n Moravia, San Jos\u00e9, Costa Rica Por favor, activa JavaScript en tu navegador para completar este formulario.Por favor, activa JavaScript en tu navegador para completar este formulario. Nombre * NombreApellidos Correo electr\u00f3nico *Comentario o mensaje Enviar<\/p>\n","protected":false},"author":1,"featured_media":0,"parent":0,"menu_order":0,"comment_status":"closed","ping_status":"closed","template":"","meta":{"_eb_attr":"","_monsterinsights_skip_tracking":false,"_monsterinsights_sitenote_active":false,"_monsterinsights_sitenote_note":"","_monsterinsights_sitenote_category":0,"footnotes":""},"class_list":["post-370","page","type-page","status-publish","hentry"],"aioseo_notices":[],"rttpg_featured_image_url":null,"rttpg_author":{"display_name":"castingstudiocr.com","author_link":"https:\/\/castingstudiocr.com\/index.php\/author\/castingstudiocr-com\/"},"rttpg_comment":0,"rttpg_category":null,"rttpg_excerpt":"Cont\u00e1ctenos \u00a1Hablemos! Escr\u00edbenos Muchas gracias por la confianza puesta en nuestra empresa, trabajamos arduamente para seguir creciendo. Tel\u00e9fonos +506 8511 2123 +506 4080 2772 Correo Electr\u00f3nico info@castingstudiocr.com Ubicaci\u00f3n Moravia, San Jos\u00e9, Costa Rica Por favor, activa JavaScript en tu navegador para completar este formulario.Por favor, activa JavaScript en tu navegador para completar este formulario. Nombre&hellip;","_links":{"self":[{"href":"https:\/\/castingstudiocr.com\/index.php\/wp-json\/wp\/v2\/pages\/370","targetHints":{"allow":["GET"]}}],"collection":[{"href":"https:\/\/castingstudiocr.com\/index.php\/wp-json\/wp\/v2\/pages"}],"about":[{"href":"https:\/\/castingstudiocr.com\/index.php\/wp-json\/wp\/v2\/types\/page"}],"author":[{"embeddable":true,"href":"https:\/\/castingstudiocr.com\/index.php\/wp-json\/wp\/v2\/users\/1"}],"replies":[{"embeddable":true,"href":"https:\/\/castingstudiocr.com\/index.php\/wp-json\/wp\/v2\/comments?post=370"}],"version-history":[{"count":31,"href":"https:\/\/castingstudiocr.com\/index.php\/wp-json\/wp\/v2\/pages\/370\/revisions"}],"predecessor-version":[{"id":1270,"href":"https:\/\/castingstudiocr.com\/index.php\/wp-json\/wp\/v2\/pages\/370\/revisions\/1270"}],"wp:attachment":[{"href":"https:\/\/castingstudiocr.com\/index.php\/wp-json\/wp\/v2\/media?parent=370"}],"curies":[{"name":"wp","href":"https:\/\/api.w.org\/{rel}","templated":true}]}}